{"id":227,"date":"2023-05-03T15:18:12","date_gmt":"2023-05-03T15:18:12","guid":{"rendered":"https:\/\/www.thedelmethod.es\/?page_id=227"},"modified":"2023-05-03T15:18:13","modified_gmt":"2023-05-03T15:18:13","slug":"ley-de-propiedad-intelectual-e-industrial","status":"publish","type":"page","link":"https:\/\/www.thedelmethod.es\/en\/ley-de-propiedad-intelectual-e-industrial\/","title":{"rendered":"Ley de Propiedad Intelectual e Industrial"},"content":{"rendered":"<p>Escuela Inglesa Spain F&amp;M, S.L. ser\u00e1 titular de todos los derechos de propiedad intelectual e industrial de su p\u00e1gina web, as\u00ed como de los elementos contenidos en la misma (a t\u00edtulo enunciativo, im\u00e1genes, sonido, audio, v\u00eddeo, software o textos; marcas o logotipos, combinaciones de colores, estructura y dise\u00f1o, selecci\u00f3n de materiales usados, programas de ordenador necesarios para su funcionamiento, acceso y uso, etc.).<\/p>\n\n\n\n<p>Todos los derechos reservados. En virtud de lo dispuesto en los art\u00edculos 8 y 32.1, p\u00e1rrafo segundo, de la Ley de Propiedad Intelectual, quedan expresamente prohibidas la reproducci\u00f3n, la distribuci\u00f3n y la comunicaci\u00f3n p\u00fablica, incluida su modalidad de puesta a disposici\u00f3n, de la totalidad o parte de los contenidos de esta p\u00e1gina web, con fines comerciales, en cualquier soporte y por cualquier medio t\u00e9cnico, sin la autorizaci\u00f3n de Escuela Inglesa Spain F&amp;M, S.L..<\/p>\n\n\n\n<p>El USUARIO se compromete a respetar los derechos de Propiedad Intelectual e Industrial titularidad de Escuela Inglesa Spain F&amp;M, S.L.. Podr\u00e1 visualizar los elementos del portal e incluso imprimirlos, copiarlos y almacenarlos en el disco duro de su ordenador o en cualquier otro soporte f\u00edsico siempre y cuando sea, \u00fanica y exclusivamente, para su uso personal y privado. El USUARIO deber\u00e1 abstenerse de suprimir, alterar, eludir o manipular cualquier dispositivo de protecci\u00f3n o sistema de seguridad que estuviera instalado en el las p\u00e1ginas de Escuela Inglesa Spain F&amp;M, S.L..<\/p>","protected":false},"excerpt":{"rendered":"<p>Escuela Inglesa Spain F&amp;M, S.L. ser\u00e1 titular de todos los derechos de propiedad intelectual e industrial de su p\u00e1gina web, as\u00ed como de los elementos contenidos en la misma (a t\u00edtulo enunciativo, im\u00e1genes, sonido, audio, v\u00eddeo, software o textos; marcas o logotipos, combinaciones de colores, &hellip; <\/p>","protected":false},"author":1,"featured_media":0,"parent":0,"menu_order":0,"comment_status":"closed","ping_status":"closed","template":"","meta":{"footnotes":""},"class_list":["post-227","page","type-page","status-publish","hentry"],"_links":{"self":[{"href":"https:\/\/www.thedelmethod.es\/en\/wp-json\/wp\/v2\/pages\/227","targetHints":{"allow":["GET"]}}],"collection":[{"href":"https:\/\/www.thedelmethod.es\/en\/wp-json\/wp\/v2\/pages"}],"about":[{"href":"https:\/\/www.thedelmethod.es\/en\/wp-json\/wp\/v2\/types\/page"}],"author":[{"embeddable":true,"href":"https:\/\/www.thedelmethod.es\/en\/wp-json\/wp\/v2\/users\/1"}],"replies":[{"embeddable":true,"href":"https:\/\/www.thedelmethod.es\/en\/wp-json\/wp\/v2\/comments?post=227"}],"version-history":[{"count":1,"href":"https:\/\/www.thedelmethod.es\/en\/wp-json\/wp\/v2\/pages\/227\/revisions"}],"predecessor-version":[{"id":228,"href":"https:\/\/www.thedelmethod.es\/en\/wp-json\/wp\/v2\/pages\/227\/revisions\/228"}],"wp:attachment":[{"href":"https:\/\/www.thedelmethod.es\/en\/wp-json\/wp\/v2\/media?parent=227"}],"curies":[{"name":"wp","href":"https:\/\/api.w.org\/{rel}","templated":true}]}}